{"id":240,"date":"2019-01-01T18:59:29","date_gmt":"2019-01-01T17:59:29","guid":{"rendered":"https:\/\/vielzutun.ch\/wordpress\/?page_id=240"},"modified":"2025-07-01T09:23:45","modified_gmt":"2025-07-01T07:23:45","slug":"impressum","status":"publish","type":"page","link":"https:\/\/vielzutun.ch\/wordpress\/?page_id=240","title":{"rendered":"Impressum"},"content":{"rendered":"\n<div class=\"wp-block-media-text alignwide is-stacked-on-mobile\"><figure class=\"wp-block-media-text__media\"><img loading=\"lazy\" decoding=\"async\" width=\"297\" height=\"355\" src=\"https:\/\/vielzutun.ch\/wordpress\/wp-content\/uploads\/2019\/01\/selbst.jpg\" alt=\"\" class=\"wp-image-378 size-full\" srcset=\"https:\/\/vielzutun.ch\/wordpress\/wp-content\/uploads\/2019\/01\/selbst.jpg 297w, https:\/\/vielzutun.ch\/wordpress\/wp-content\/uploads\/2019\/01\/selbst-251x300.jpg 251w\" sizes=\"auto, (max-width: 297px) 85vw, 297px\" \/><\/figure><div class=\"wp-block-media-text__content\">\n<p>Christoph Koulen<br><br>Leimensteigstrasse 8<br>CH-9054 Haslen AI<br>Schweiz<\/p>\n\n\n\n<p>Email: <a href=\"chris@vielzutun.ch\">chris@vielzutun.ch\ufeff<\/a><\/p>\n<\/div><\/div>\n\n\n\n<p><br><\/p>\n\n\n\n<p><\/p>\n\n\n\n<p><strong>Kleingedrucktes:<\/strong><\/p>\n\n\n\n<p>S\u00e4mtliche Texte, Fotos und Grafiken in diesem Blog sind &#8211; soweit nicht anderweitig gekennzeichnet &#8211; urheberrechtlich gesch\u00fctzte Werke des jeweiligen Autors bzw. der Autorin.<\/p>\n\n\n\n<p>Sofern in meinen Blogbeitr\u00e4gen technische oder optische Ver\u00e4nderungen von technischen Ger\u00e4ten, u.a. Motorr\u00e4dern, beschrieben werden, erfolgen diese Beschreibungen nach bestem Wissen und Gewissen, stellen jedoch in keinem Fall eine Handlungsanweisung oder Empfehlung zum Nachbau dar. Zur Vermeidung von Sach- oder Personensch\u00e4den wird dringend empfohlen, jegliche technische Ver\u00e4nderung nur durch speziell geschulte Fachkr\u00e4fte vornehmen zu lassen.<\/p>\n","protected":false},"excerpt":{"rendered":"<p>Christoph Koulen Leimensteigstrasse 8CH-9054 Haslen AISchweiz Email: chris@vielzutun.ch\ufeff Kleingedrucktes: S\u00e4mtliche Texte, Fotos und Grafiken in diesem Blog sind &#8211; soweit nicht anderweitig gekennzeichnet &#8211; urheberrechtlich gesch\u00fctzte Werke des jeweiligen Autors bzw. der Autorin. Sofern in meinen Blogbeitr\u00e4gen technische oder optische Ver\u00e4nderungen von technischen Ger\u00e4ten, u.a. Motorr\u00e4dern, beschrieben werden, erfolgen diese Beschreibungen nach bestem Wissen und &hellip; <a href=\"https:\/\/vielzutun.ch\/wordpress\/?page_id=240\" class=\"more-link\"><span class=\"screen-reader-text\">&#8220;Impressum&#8221; <\/span>weiterlesen<\/a><\/p>\n","protected":false},"author":1,"featured_media":0,"parent":0,"menu_order":0,"comment_status":"closed","ping_status":"closed","template":"","meta":{"_stc_notifier_status":"","_stc_notifier_sent_time":"","_stc_notifier_request":false,"_stc_notifier_prevent":false,"_stc_subscriber_keywords":"","_stc_subscriber_search_areas":"","footnotes":""},"class_list":["post-240","page","type-page","status-publish","hentry"],"_links":{"self":[{"href":"https:\/\/vielzutun.ch\/wordpress\/index.php?rest_route=\/wp\/v2\/pages\/240","targetHints":{"allow":["GET"]}}],"collection":[{"href":"https:\/\/vielzutun.ch\/wordpress\/index.php?rest_route=\/wp\/v2\/pages"}],"about":[{"href":"https:\/\/vielzutun.ch\/wordpress\/index.php?rest_route=\/wp\/v2\/types\/page"}],"author":[{"embeddable":true,"href":"https:\/\/vielzutun.ch\/wordpress\/index.php?rest_route=\/wp\/v2\/users\/1"}],"replies":[{"embeddable":true,"href":"https:\/\/vielzutun.ch\/wordpress\/index.php?rest_route=%2Fwp%2Fv2%2Fcomments&post=240"}],"version-history":[{"count":12,"href":"https:\/\/vielzutun.ch\/wordpress\/index.php?rest_route=\/wp\/v2\/pages\/240\/revisions"}],"predecessor-version":[{"id":14823,"href":"https:\/\/vielzutun.ch\/wordpress\/index.php?rest_route=\/wp\/v2\/pages\/240\/revisions\/14823"}],"wp:attachment":[{"href":"https:\/\/vielzutun.ch\/wordpress\/index.php?rest_route=%2Fwp%2Fv2%2Fmedia&parent=240"}],"curies":[{"name":"wp","href":"https:\/\/api.w.org\/{rel}","templated":true}]}}